{"id":1841,"date":"2025-03-18T11:11:58","date_gmt":"2025-03-18T14:11:58","guid":{"rendered":"https:\/\/wordpress-700055-5116946.cloudwaysapps.com\/?page_id=1841"},"modified":"2025-09-25T12:49:14","modified_gmt":"2025-09-25T15:49:14","slug":"fr","status":"publish","type":"page","link":"https:\/\/ebusradar.org\/africa\/fr\/","title":{"rendered":"E-BUS RADAR"},"content":{"rendered":"\n<div style=\"height:20px\" aria-hidden=\"true\" class=\"wp-block-spacer\"><\/div>\n\n\n\n<p>La plateforme<strong> E-BUS RADAR <\/strong>promeut et suit les initiatives des villes d&#8217;Am\u00e9rique latine <em>et d&#8217;Afrique <\/em>visant \u00e0 int\u00e9grer des bus \u00e9lectriques (e-bus) dans leurs r\u00e9seaux de transport public urbain. Les objectifs de cette plateforme sont les suivants : (1) suivre et cartographier les flottes de bus \u00e9lectriques en service ; (2) promouvoir la transparence des donn\u00e9es ; et (3) quantifier la r\u00e9duction annuelle des \u00e9missions de CO<sub>2<\/sub>\u00a0 attribu\u00e9e \u00e0 ces v\u00e9hicules.<\/p>\n\n\n\n<p>Les donn\u00e9es E-BUS RADAR concernent les syst\u00e8mes en service dans les villes et les zones m\u00e9tropolitaines d&#8217;Am\u00e9rique latine et d&#8217;Afrique qui disposent d\u00e9j\u00e0 de bus \u00e9lectriques dans leurs flottes de transport public. Les bus \u00e9lectriques qui ont \u00e9t\u00e9 achet\u00e9s mais qui ne font pas encore partie des flottes ne sont pas pr\u00e9sent\u00e9s sur la plateforme . Nous vous invitons \u00e0 lire<a href=\"https:\/\/ebusradar.org\/wp-content\/uploads\/2024\/08\/Metodologia-E-Bus-Radar-Ingles.pdf\"> cette publication<\/a> \u00e9labor\u00e9e par l&#8217;ICCT, qui fournit des informations d\u00e9taill\u00e9es sur la m\u00e9thodologie de calcul des \u00e9missions de CO2 \u00e9vit\u00e9es au cours du cycle de vie des bus \u00e9lectriques en service.<\/p>\n\n\n\n<p>\u00c0 mesure que la flotte de bus \u00e9lectriques s&#8217;agrandit en Am\u00e9rique latine et en Afrique, cette plateforme sera r\u00e9guli\u00e8rement mise \u00e0 jour et plusieurs nouvelles villes seront ajout\u00e9es. S&#8217;agissant d&#8217;une plateforme collaborative, si vous avez des remarques concernant des erreurs ou des donn\u00e9es manquantes sur la plateforme, ou tout autre commentaire, n&#8217;h\u00e9sitez pas \u00e0 nous contacter \u00e0 l&#8217;adresse suivante : <strong>zebra@c40.org.<\/strong><\/p>\n\n\n\n<div style=\"height:20px\" aria-hidden=\"true\" class=\"wp-block-spacer\"><\/div>\n\n\n\n<h2 class=\"wp-block-heading\"><em>Pourquoi des bus \u00e9lectriques?<\/em><\/h2>\n\n\n\n<div style=\"height:20px\" aria-hidden=\"true\" class=\"wp-block-spacer\"><\/div>\n\n\n\n<p>Les \u00e9missions du secteur des transports entra\u00eenent chaque ann\u00e9e plus de 1 000 milliards de dollars de dommages pour la sant\u00e9. L&#8217; de croissance de ce secteur a \u00e9galement contribu\u00e9 \u00e0 l&#8217;augmentation des \u00e9missions de gaz \u00e0 effet de serre associ\u00e9es \u00e0 l&#8217;\u00e9l\u00e9vation du niveau des mers, \u00e0 la hausse des temp\u00e9ratures, aux incendies et \u00e0 d&#8217;autres impacts sur le changement climatique.<\/p>\n\n\n\n<p>Les flottes d&#8217;autobus et de minibus urbains constituent le principal mode de mobilit\u00e9 urbaine pour des centaines de millions de citoyens en Am\u00e9rique latine et en Afrique. Cependant, ces flottes fonctionnent encore au diesel, une technologie obsol\u00e8te et tr\u00e8s polluante. Afin de relever les d\u00e9fis pos\u00e9s par les moteurs diesel en mati\u00e8re de qualit\u00e9 de l&#8217;air et de climat, les villes doivent s&#8217;engager dans une transition \u00e9nerg\u00e9tique et technologique.<\/p>\n\n\n\n<p>Les bus \u00e9lectriques constituent une excellente solution pour promouvoir des zones urbaines plus propres et plus saines tout en aidant les gouvernements locaux et nationaux \u00e0 atteindre leurs objectifs climatiques. Dans ce contexte, l&#8217;expansion des flottes de bus \u00e9lectriques dans les villes d&#8217;Am\u00e9rique latine et d&#8217;Afrique est essentielle pour l&#8217;avenir \u00e9conomique et mondial.<\/p>\n\n\n\n<div style=\"height:17px\" aria-hidden=\"true\" class=\"wp-block-spacer\"><\/div>\n\n\n\n<h2 class=\"wp-block-heading\"><em>Qui sommes-nous?<\/em><\/h2>\n\n\n\n<div style=\"height:20px\" aria-hidden=\"true\" class=\"wp-block-spacer\"><\/div>\n\n\n\n<p><span style=\"text-decoration: underline;\">Partenariat:<\/span><\/p>\n\n\n\n<p><strong><a href=\"https:\/\/www.dtu.dk\/english\">DTU<\/a><\/strong>: La DTU est reconnue internationalement comme une universit\u00e9 de premier plan dans le domaine des sciences techniques et naturelles, r\u00e9put\u00e9e pour son approche ax\u00e9e sur la durabilit\u00e9 et les entreprises. Gr\u00e2ce \u00e0 la collaboration, la DTU cr\u00e9e de la valeur, du bien-\u00eatre et de la croissance par le d\u00e9veloppement. Les 17 objectifs de d\u00e9veloppement durable des Nations unies servent de plateforme pour les activit\u00e9s de l&#8217;universit\u00e9.<\/p>\n\n\n\n<p><strong><a href=\"https:\/\/p4gpartnerships.org\/pioneering-green-partnerships\/all-p4g-partnerships\/zero-emission-bus-rapid-deployment-accelerator\">ZEBRA<\/a>: <\/strong>Financ\u00e9 et facilit\u00e9 par la campagne Drive Electric et codirig\u00e9 par C40 Cities et l&#8217;ICCT, le partenariat Zero Emission Bus Rapid-deployment Accelerator (ZEBRA) vise \u00e0 acc\u00e9l\u00e9rer le d\u00e9ploiement de bus z\u00e9ro \u00e9mission dans les grandes villes d&#8217;Am\u00e9rique latine et d&#8217;Afrique.<\/p>\n\n\n\n<p><strong><a href=\"http:\/\/c40.org\/\">C40<\/a><\/strong>: Le C40 est un r\u00e9seau mondial de pr\u00e8s de 100 maires des principales villes du monde, repr\u00e9sentant plus de 700 millions de citoyens et un quart de l&#8217;\u00e9conomie mondiale. Les maires du C40 s&#8217;engagent \u00e0 accro\u00eetre la r\u00e9silience, \u00e0 assainir l&#8217;air que nous respirons et \u00e0 prendre des mesures inclusives en faveur du climat afin de cr\u00e9er un avenir plus sain et plus durable pour tous.<\/p>\n\n\n\n<p><strong><a href=\"https:\/\/theicct.org\/\">ICCT<\/a><\/strong>: L&#8217;International Council on Clean Transportation (Conseil international sur les transports propres) est une organisation fond\u00e9e pour fournir des recherches et des analyses techniques impartiales aux gouvernements et aux r\u00e9gulateurs environnementaux d&#8217; .<\/p>\n\n\n\n<p><\/p>\n","protected":false},"excerpt":{"rendered":"<p>La plateforme E-BUS RADAR promeut et suit les initiatives des villes d&#8217;Am\u00e9rique latine et d&#8217;Afrique visant \u00e0 int\u00e9grer des bus \u00e9lectriques (e-bus) dans leurs r\u00e9seaux de transport public urbain. Les objectifs de cette plateforme sont les suivants : (1) suivre et cartographier les flottes de bus \u00e9lectriques en service ; (2) promouvoir la transparence des [&#8230;]<\/p>\n<p><a class=\"btn btn-secondary understrap-read-more-link\" href=\"https:\/\/ebusradar.org\/africa\/fr\/\">Leia mais&#8230;<span class=\"screen-reader-text\"> from E-BUS RADAR<\/span><\/a><\/p>\n","protected":false},"author":3,"featured_media":0,"parent":0,"menu_order":0,"comment_status":"closed","ping_status":"open","template":"page-templates\/home.php","meta":{"inline_featured_image":false,"footnotes":""},"yoast_head":"<!-- This site is optimized with the Yoast SEO plugin v19.2 - https:\/\/yoast.com\/wordpress\/plugins\/seo\/ -->\n<title>E-BUS RADAR - E-BUS RADAR<\/title>\n<meta name=\"robots\" content=\"noindex, follow, max-snippet:-1, max-image-preview:large, max-video-preview:-1\" \/>\n<meta property=\"og:locale\" content=\"pt_BR\" \/>\n<meta property=\"og:type\" content=\"article\" \/>\n<meta property=\"og:title\" content=\"E-BUS RADAR - E-BUS RADAR\" \/>\n<meta property=\"og:description\" content=\"La plateforme E-BUS RADAR promeut et suit les initiatives des villes d&#8217;Am\u00e9rique latine et d&#8217;Afrique visant \u00e0 int\u00e9grer des bus \u00e9lectriques (e-bus) dans leurs r\u00e9seaux de transport public urbain. Les objectifs de cette plateforme sont les suivants : (1) suivre et cartographier les flottes de bus \u00e9lectriques en service ; (2) promouvoir la transparence des [...]Leia mais... from E-BUS RADAR\" \/>\n<meta property=\"og:url\" content=\"https:\/\/ebusradar.org\/africa\/fr\/\" \/>\n<meta property=\"og:site_name\" content=\"E-BUS RADAR\" \/>\n<meta property=\"article:modified_time\" content=\"2025-09-25T15:49:14+00:00\" \/>\n<meta property=\"og:image\" content=\"https:\/\/ebusradar.org\/africa\/wp-content\/uploads\/2021\/02\/ebus-thumbnail.jpg\" \/>\n\t<meta property=\"og:image:width\" content=\"1080\" \/>\n\t<meta property=\"og:image:height\" content=\"1080\" \/>\n\t<meta property=\"og:image:type\" content=\"image\/jpeg\" \/>\n<meta name=\"author\" content=\"Thomas Maltese\" \/>\n<meta name=\"twitter:card\" content=\"summary_large_image\" \/>\n<meta name=\"twitter:label1\" content=\"Est. tempo de leitura\" \/>\n\t<meta name=\"twitter:data1\" content=\"3 minutos\" \/>\n<script type=\"application\/ld+json\" class=\"yoast-schema-graph\">{\"@context\":\"https:\/\/schema.org\",\"@graph\":[{\"@type\":\"WebSite\",\"@id\":\"https:\/\/ebusradar.org\/africa\/#website\",\"url\":\"https:\/\/ebusradar.org\/africa\/\",\"name\":\"E-BUS RADAR\",\"description\":\"\",\"potentialAction\":[{\"@type\":\"SearchAction\",\"target\":{\"@type\":\"EntryPoint\",\"urlTemplate\":\"https:\/\/ebusradar.org\/africa\/?s={search_term_string}\"},\"query-input\":\"required name=search_term_string\"}],\"inLanguage\":\"pt-BR\"},{\"@type\":\"WebPage\",\"@id\":\"https:\/\/ebusradar.org\/africa\/fr\/#webpage\",\"url\":\"https:\/\/ebusradar.org\/africa\/fr\/\",\"name\":\"E-BUS RADAR - E-BUS RADAR\",\"isPartOf\":{\"@id\":\"https:\/\/ebusradar.org\/africa\/#website\"},\"datePublished\":\"2025-03-18T14:11:58+00:00\",\"dateModified\":\"2025-09-25T15:49:14+00:00\",\"breadcrumb\":{\"@id\":\"https:\/\/ebusradar.org\/africa\/fr\/#breadcrumb\"},\"inLanguage\":\"pt-BR\",\"potentialAction\":[{\"@type\":\"ReadAction\",\"target\":[\"https:\/\/ebusradar.org\/africa\/fr\/\"]}]},{\"@type\":\"BreadcrumbList\",\"@id\":\"https:\/\/ebusradar.org\/africa\/fr\/#breadcrumb\",\"itemListElement\":[{\"@type\":\"ListItem\",\"position\":1,\"name\":\"Home\",\"item\":\"https:\/\/ebusradar.org\/africa\/pt\/\"},{\"@type\":\"ListItem\",\"position\":2,\"name\":\"E-BUS RADAR\"}]}]}<\/script>\n<!-- \/ Yoast SEO plugin. -->","yoast_head_json":{"title":"E-BUS RADAR - E-BUS RADAR","robots":{"index":"noindex","follow":"follow","max-snippet":"max-snippet:-1","max-image-preview":"max-image-preview:large","max-video-preview":"max-video-preview:-1"},"og_locale":"pt_BR","og_type":"article","og_title":"E-BUS RADAR - E-BUS RADAR","og_description":"La plateforme E-BUS RADAR promeut et suit les initiatives des villes d&#8217;Am\u00e9rique latine et d&#8217;Afrique visant \u00e0 int\u00e9grer des bus \u00e9lectriques (e-bus) dans leurs r\u00e9seaux de transport public urbain. Les objectifs de cette plateforme sont les suivants : (1) suivre et cartographier les flottes de bus \u00e9lectriques en service ; (2) promouvoir la transparence des [...]Leia mais... from E-BUS RADAR","og_url":"https:\/\/ebusradar.org\/africa\/fr\/","og_site_name":"E-BUS RADAR","article_modified_time":"2025-09-25T15:49:14+00:00","og_image":[{"width":1080,"height":1080,"url":"https:\/\/ebusradar.org\/africa\/wp-content\/uploads\/2021\/02\/ebus-thumbnail.jpg","type":"image\/jpeg"}],"author":"Thomas Maltese","twitter_card":"summary_large_image","twitter_misc":{"Est. tempo de leitura":"3 minutos"},"schema":{"@context":"https:\/\/schema.org","@graph":[{"@type":"WebSite","@id":"https:\/\/ebusradar.org\/africa\/#website","url":"https:\/\/ebusradar.org\/africa\/","name":"E-BUS RADAR","description":"","potentialAction":[{"@type":"SearchAction","target":{"@type":"EntryPoint","urlTemplate":"https:\/\/ebusradar.org\/africa\/?s={search_term_string}"},"query-input":"required name=search_term_string"}],"inLanguage":"pt-BR"},{"@type":"WebPage","@id":"https:\/\/ebusradar.org\/africa\/fr\/#webpage","url":"https:\/\/ebusradar.org\/africa\/fr\/","name":"E-BUS RADAR - E-BUS RADAR","isPartOf":{"@id":"https:\/\/ebusradar.org\/africa\/#website"},"datePublished":"2025-03-18T14:11:58+00:00","dateModified":"2025-09-25T15:49:14+00:00","breadcrumb":{"@id":"https:\/\/ebusradar.org\/africa\/fr\/#breadcrumb"},"inLanguage":"pt-BR","potentialAction":[{"@type":"ReadAction","target":["https:\/\/ebusradar.org\/africa\/fr\/"]}]},{"@type":"BreadcrumbList","@id":"https:\/\/ebusradar.org\/africa\/fr\/#breadcrumb","itemListElement":[{"@type":"ListItem","position":1,"name":"Home","item":"https:\/\/ebusradar.org\/africa\/pt\/"},{"@type":"ListItem","position":2,"name":"E-BUS RADAR"}]}]}},"_links":{"self":[{"href":"https:\/\/ebusradar.org\/africa\/wp-json\/wp\/v2\/pages\/1841"}],"collection":[{"href":"https:\/\/ebusradar.org\/africa\/wp-json\/wp\/v2\/pages"}],"about":[{"href":"https:\/\/ebusradar.org\/africa\/wp-json\/wp\/v2\/types\/page"}],"author":[{"embeddable":true,"href":"https:\/\/ebusradar.org\/africa\/wp-json\/wp\/v2\/users\/3"}],"replies":[{"embeddable":true,"href":"https:\/\/ebusradar.org\/africa\/wp-json\/wp\/v2\/comments?post=1841"}],"version-history":[{"count":4,"href":"https:\/\/ebusradar.org\/africa\/wp-json\/wp\/v2\/pages\/1841\/revisions"}],"predecessor-version":[{"id":2048,"href":"https:\/\/ebusradar.org\/africa\/wp-json\/wp\/v2\/pages\/1841\/revisions\/2048"}],"wp:attachment":[{"href":"https:\/\/ebusradar.org\/africa\/wp-json\/wp\/v2\/media?parent=1841"}],"curies":[{"name":"wp","href":"https:\/\/api.w.org\/{rel}","templated":true}]}}