{"id":1844,"date":"2025-03-18T11:31:51","date_gmt":"2025-03-18T14:31:51","guid":{"rendered":"https:\/\/wordpress-700055-5116946.cloudwaysapps.com\/?page_id=1844"},"modified":"2025-10-03T10:19:06","modified_gmt":"2025-10-03T13:19:06","slug":"fabricants-fr","status":"publish","type":"page","link":"https:\/\/ebusradar.org\/africa\/fr\/fabricants-fr\/","title":{"rendered":"Fabricants"},"content":{"rendered":"\n<p>Cette page de la plateforme E-BUS Radar pr\u00e9sente une \u00e9tude des fabricants de bus \u00e9lectriques, mettant en avant les bus en service en Am\u00e9rique latine et les partenaires officiels du programme ZEBRA (Acc\u00e9l\u00e9rateur de d\u00e9ploiement rapide des bus \u00e0 z\u00e9ro \u00e9mission). La barre lat\u00e9rale droite de la page vous permet de filtrer par \u00ab Type de v\u00e9hicule \u00bb et \u00ab Pays en service \u00bb. Pour plus d&#8217;informations sur les mod\u00e8les de v\u00e9hicules disponibles, consultez les fiches ci-dessous. En <a href=\"https:\/\/wordpress-700055-5116946.cloudwaysapps.com\/#sobre\">savoir plus<\/a>. <\/p>\n\n\n\n<p>Dados: Septembre de 2025<\/p>\n","protected":false},"excerpt":{"rendered":"<p>Cette page de la plateforme E-BUS Radar pr\u00e9sente une \u00e9tude des fabricants de bus \u00e9lectriques, mettant en avant les bus en service en Am\u00e9rique latine et les partenaires officiels du programme ZEBRA (Acc\u00e9l\u00e9rateur de d\u00e9ploiement rapide des bus \u00e0 z\u00e9ro \u00e9mission). La barre lat\u00e9rale droite de la page vous permet de filtrer par \u00ab Type [&#8230;]<\/p>\n<p><a class=\"btn btn-secondary understrap-read-more-link\" href=\"https:\/\/ebusradar.org\/africa\/fr\/fabricants-fr\/\">Leia mais&#8230;<span class=\"screen-reader-text\"> from Fabricants<\/span><\/a><\/p>\n","protected":false},"author":3,"featured_media":0,"parent":0,"menu_order":0,"comment_status":"closed","ping_status":"closed","template":"page-templates\/manufators.php","meta":{"inline_featured_image":false,"footnotes":""},"yoast_head":"<!-- This site is optimized with the Yoast SEO plugin v19.2 - https:\/\/yoast.com\/wordpress\/plugins\/seo\/ -->\n<title>Fabricants - E-BUS RADAR<\/title>\n<meta name=\"robots\" content=\"noindex, follow, max-snippet:-1, max-image-preview:large, max-video-preview:-1\" \/>\n<meta property=\"og:locale\" content=\"pt_BR\" \/>\n<meta property=\"og:type\" content=\"article\" \/>\n<meta property=\"og:title\" content=\"Fabricants - E-BUS RADAR\" \/>\n<meta property=\"og:description\" content=\"Cette page de la plateforme E-BUS Radar pr\u00e9sente une \u00e9tude des fabricants de bus \u00e9lectriques, mettant en avant les bus en service en Am\u00e9rique latine et les partenaires officiels du programme ZEBRA (Acc\u00e9l\u00e9rateur de d\u00e9ploiement rapide des bus \u00e0 z\u00e9ro \u00e9mission). La barre lat\u00e9rale droite de la page vous permet de filtrer par \u00ab Type [...]Leia mais... from Fabricants\" \/>\n<meta property=\"og:url\" content=\"https:\/\/ebusradar.org\/africa\/fr\/fabricants-fr\/\" \/>\n<meta property=\"og:site_name\" content=\"E-BUS RADAR\" \/>\n<meta property=\"article:modified_time\" content=\"2025-10-03T13:19:06+00:00\" \/>\n<meta property=\"og:image\" content=\"https:\/\/ebusradar.org\/africa\/wp-content\/uploads\/2021\/02\/ebus-thumbnail.jpg\" \/>\n\t<meta property=\"og:image:width\" content=\"1080\" \/>\n\t<meta property=\"og:image:height\" content=\"1080\" \/>\n\t<meta property=\"og:image:type\" content=\"image\/jpeg\" \/>\n<meta name=\"author\" content=\"Thomas Maltese\" \/>\n<meta name=\"twitter:card\" content=\"summary_large_image\" \/>\n<script type=\"application\/ld+json\" class=\"yoast-schema-graph\">{\"@context\":\"https:\/\/schema.org\",\"@graph\":[{\"@type\":\"WebSite\",\"@id\":\"https:\/\/ebusradar.org\/africa\/#website\",\"url\":\"https:\/\/ebusradar.org\/africa\/\",\"name\":\"E-BUS RADAR\",\"description\":\"\",\"potentialAction\":[{\"@type\":\"SearchAction\",\"target\":{\"@type\":\"EntryPoint\",\"urlTemplate\":\"https:\/\/ebusradar.org\/africa\/?s={search_term_string}\"},\"query-input\":\"required name=search_term_string\"}],\"inLanguage\":\"pt-BR\"},{\"@type\":\"WebPage\",\"@id\":\"https:\/\/ebusradar.org\/africa\/fr\/fabricants-fr\/#webpage\",\"url\":\"https:\/\/ebusradar.org\/africa\/fr\/fabricants-fr\/\",\"name\":\"Fabricants - E-BUS RADAR\",\"isPartOf\":{\"@id\":\"https:\/\/ebusradar.org\/africa\/#website\"},\"datePublished\":\"2025-03-18T14:31:51+00:00\",\"dateModified\":\"2025-10-03T13:19:06+00:00\",\"breadcrumb\":{\"@id\":\"https:\/\/ebusradar.org\/africa\/fr\/fabricants-fr\/#breadcrumb\"},\"inLanguage\":\"pt-BR\",\"potentialAction\":[{\"@type\":\"ReadAction\",\"target\":[\"https:\/\/ebusradar.org\/africa\/fr\/fabricants-fr\/\"]}]},{\"@type\":\"BreadcrumbList\",\"@id\":\"https:\/\/ebusradar.org\/africa\/fr\/fabricants-fr\/#breadcrumb\",\"itemListElement\":[{\"@type\":\"ListItem\",\"position\":1,\"name\":\"Home\",\"item\":\"https:\/\/ebusradar.org\/africa\/pt\/\"},{\"@type\":\"ListItem\",\"position\":2,\"name\":\"Fabricants\"}]}]}<\/script>\n<!-- \/ Yoast SEO plugin. -->","yoast_head_json":{"title":"Fabricants - E-BUS RADAR","robots":{"index":"noindex","follow":"follow","max-snippet":"max-snippet:-1","max-image-preview":"max-image-preview:large","max-video-preview":"max-video-preview:-1"},"og_locale":"pt_BR","og_type":"article","og_title":"Fabricants - E-BUS RADAR","og_description":"Cette page de la plateforme E-BUS Radar pr\u00e9sente une \u00e9tude des fabricants de bus \u00e9lectriques, mettant en avant les bus en service en Am\u00e9rique latine et les partenaires officiels du programme ZEBRA (Acc\u00e9l\u00e9rateur de d\u00e9ploiement rapide des bus \u00e0 z\u00e9ro \u00e9mission). La barre lat\u00e9rale droite de la page vous permet de filtrer par \u00ab Type [...]Leia mais... from Fabricants","og_url":"https:\/\/ebusradar.org\/africa\/fr\/fabricants-fr\/","og_site_name":"E-BUS RADAR","article_modified_time":"2025-10-03T13:19:06+00:00","og_image":[{"width":1080,"height":1080,"url":"https:\/\/ebusradar.org\/africa\/wp-content\/uploads\/2021\/02\/ebus-thumbnail.jpg","type":"image\/jpeg"}],"author":"Thomas Maltese","twitter_card":"summary_large_image","schema":{"@context":"https:\/\/schema.org","@graph":[{"@type":"WebSite","@id":"https:\/\/ebusradar.org\/africa\/#website","url":"https:\/\/ebusradar.org\/africa\/","name":"E-BUS RADAR","description":"","potentialAction":[{"@type":"SearchAction","target":{"@type":"EntryPoint","urlTemplate":"https:\/\/ebusradar.org\/africa\/?s={search_term_string}"},"query-input":"required name=search_term_string"}],"inLanguage":"pt-BR"},{"@type":"WebPage","@id":"https:\/\/ebusradar.org\/africa\/fr\/fabricants-fr\/#webpage","url":"https:\/\/ebusradar.org\/africa\/fr\/fabricants-fr\/","name":"Fabricants - E-BUS RADAR","isPartOf":{"@id":"https:\/\/ebusradar.org\/africa\/#website"},"datePublished":"2025-03-18T14:31:51+00:00","dateModified":"2025-10-03T13:19:06+00:00","breadcrumb":{"@id":"https:\/\/ebusradar.org\/africa\/fr\/fabricants-fr\/#breadcrumb"},"inLanguage":"pt-BR","potentialAction":[{"@type":"ReadAction","target":["https:\/\/ebusradar.org\/africa\/fr\/fabricants-fr\/"]}]},{"@type":"BreadcrumbList","@id":"https:\/\/ebusradar.org\/africa\/fr\/fabricants-fr\/#breadcrumb","itemListElement":[{"@type":"ListItem","position":1,"name":"Home","item":"https:\/\/ebusradar.org\/africa\/pt\/"},{"@type":"ListItem","position":2,"name":"Fabricants"}]}]}},"_links":{"self":[{"href":"https:\/\/ebusradar.org\/africa\/wp-json\/wp\/v2\/pages\/1844"}],"collection":[{"href":"https:\/\/ebusradar.org\/africa\/wp-json\/wp\/v2\/pages"}],"about":[{"href":"https:\/\/ebusradar.org\/africa\/wp-json\/wp\/v2\/types\/page"}],"author":[{"embeddable":true,"href":"https:\/\/ebusradar.org\/africa\/wp-json\/wp\/v2\/users\/3"}],"replies":[{"embeddable":true,"href":"https:\/\/ebusradar.org\/africa\/wp-json\/wp\/v2\/comments?post=1844"}],"version-history":[{"count":5,"href":"https:\/\/ebusradar.org\/africa\/wp-json\/wp\/v2\/pages\/1844\/revisions"}],"predecessor-version":[{"id":2067,"href":"https:\/\/ebusradar.org\/africa\/wp-json\/wp\/v2\/pages\/1844\/revisions\/2067"}],"wp:attachment":[{"href":"https:\/\/ebusradar.org\/africa\/wp-json\/wp\/v2\/media?parent=1844"}],"curies":[{"name":"wp","href":"https:\/\/api.w.org\/{rel}","templated":true}]}}