{"id":509,"date":"2022-08-30T16:59:54","date_gmt":"2022-08-30T19:59:54","guid":{"rendered":"https:\/\/wordpress-700055-5116946.cloudwaysapps.com\/?page_id=509"},"modified":"2025-09-25T11:59:19","modified_gmt":"2025-09-25T14:59:19","slug":"fabricantes","status":"publish","type":"page","link":"https:\/\/ebusradar.org\/africa\/pt\/fabricantes\/","title":{"rendered":"Fabricantes"},"content":{"rendered":"\n<p>Esta aba da Plataforma E-BUS Radar apresenta um levantamento de fabricantes de \u00f4nibus el\u00e9tricos, onde destacam-se \u00f4nibus em opera\u00e7\u00e3o na Africa e parceiros e parceiros oficiais do Zero Emission Bus Rapid-deployment Accelerator (ZEBRA). A barra lateral \u00e0 direita da p\u00e1gina permite a filtragem por \u2018Tipo de Ve\u00edculo\u2019 e por \u2018Pa\u00edses em opera\u00e7\u00e3o\u2019. Para mais informa\u00e7\u00f5es sobre os modelos de ve\u00edculos dispon\u00edveis, acesse os cards abaixo. <a href=\"\/#sobre\">Saiba mais<\/a>.<\/p>\n\n\n\n<p>Dados: Setembro de 2025<\/p>\n","protected":false},"excerpt":{"rendered":"<p>Esta aba da Plataforma E-BUS Radar apresenta um levantamento de fabricantes de \u00f4nibus el\u00e9tricos, onde destacam-se \u00f4nibus em opera\u00e7\u00e3o na Africa e parceiros e parceiros oficiais do Zero Emission Bus Rapid-deployment Accelerator (ZEBRA). A barra lateral \u00e0 direita da p\u00e1gina permite a filtragem por \u2018Tipo de Ve\u00edculo\u2019 e por \u2018Pa\u00edses em opera\u00e7\u00e3o\u2019. Para mais informa\u00e7\u00f5es [&#8230;]<\/p>\n<p><a class=\"btn btn-secondary understrap-read-more-link\" href=\"https:\/\/ebusradar.org\/africa\/pt\/fabricantes\/\">Leia mais&#8230;<span class=\"screen-reader-text\"> from Fabricantes<\/span><\/a><\/p>\n","protected":false},"author":1,"featured_media":0,"parent":0,"menu_order":0,"comment_status":"closed","ping_status":"closed","template":"page-templates\/manufators.php","meta":{"inline_featured_image":false,"footnotes":""},"yoast_head":"<!-- This site is optimized with the Yoast SEO plugin v19.2 - https:\/\/yoast.com\/wordpress\/plugins\/seo\/ -->\n<title>Fabricantes - E-BUS RADAR<\/title>\n<meta name=\"robots\" content=\"noindex, follow, max-snippet:-1, max-image-preview:large, max-video-preview:-1\" \/>\n<meta property=\"og:locale\" content=\"pt_BR\" \/>\n<meta property=\"og:type\" content=\"article\" \/>\n<meta property=\"og:title\" content=\"Fabricantes - E-BUS RADAR\" \/>\n<meta property=\"og:description\" content=\"Esta aba da Plataforma E-BUS Radar apresenta um levantamento de fabricantes de \u00f4nibus el\u00e9tricos, onde destacam-se \u00f4nibus em opera\u00e7\u00e3o na Africa e parceiros e parceiros oficiais do Zero Emission Bus Rapid-deployment Accelerator (ZEBRA). A barra lateral \u00e0 direita da p\u00e1gina permite a filtragem por \u2018Tipo de Ve\u00edculo\u2019 e por \u2018Pa\u00edses em opera\u00e7\u00e3o\u2019. Para mais informa\u00e7\u00f5es [...]Leia mais... from Fabricantes\" \/>\n<meta property=\"og:url\" content=\"https:\/\/ebusradar.org\/africa\/pt\/fabricantes\/\" \/>\n<meta property=\"og:site_name\" content=\"E-BUS RADAR\" \/>\n<meta property=\"article:modified_time\" content=\"2025-09-25T14:59:19+00:00\" \/>\n<meta property=\"og:image\" content=\"https:\/\/ebusradar.org\/africa\/wp-content\/uploads\/2021\/02\/ebus-thumbnail.jpg\" \/>\n\t<meta property=\"og:image:width\" content=\"1080\" \/>\n\t<meta property=\"og:image:height\" content=\"1080\" \/>\n\t<meta property=\"og:image:type\" content=\"image\/jpeg\" \/>\n<meta name=\"author\" content=\"admin\" \/>\n<meta name=\"twitter:card\" content=\"summary_large_image\" \/>\n<meta name=\"twitter:label1\" content=\"Est. tempo de leitura\" \/>\n\t<meta name=\"twitter:data1\" content=\"1 minuto\" \/>\n<script type=\"application\/ld+json\" class=\"yoast-schema-graph\">{\"@context\":\"https:\/\/schema.org\",\"@graph\":[{\"@type\":\"WebSite\",\"@id\":\"https:\/\/ebusradar.org\/africa\/#website\",\"url\":\"https:\/\/ebusradar.org\/africa\/\",\"name\":\"E-BUS RADAR\",\"description\":\"\",\"potentialAction\":[{\"@type\":\"SearchAction\",\"target\":{\"@type\":\"EntryPoint\",\"urlTemplate\":\"https:\/\/ebusradar.org\/africa\/?s={search_term_string}\"},\"query-input\":\"required name=search_term_string\"}],\"inLanguage\":\"pt-BR\"},{\"@type\":\"WebPage\",\"@id\":\"https:\/\/ebusradar.org\/africa\/pt\/fabricantes\/#webpage\",\"url\":\"https:\/\/ebusradar.org\/africa\/pt\/fabricantes\/\",\"name\":\"Fabricantes - E-BUS RADAR\",\"isPartOf\":{\"@id\":\"https:\/\/ebusradar.org\/africa\/#website\"},\"datePublished\":\"2022-08-30T19:59:54+00:00\",\"dateModified\":\"2025-09-25T14:59:19+00:00\",\"breadcrumb\":{\"@id\":\"https:\/\/ebusradar.org\/africa\/pt\/fabricantes\/#breadcrumb\"},\"inLanguage\":\"pt-BR\",\"potentialAction\":[{\"@type\":\"ReadAction\",\"target\":[\"https:\/\/ebusradar.org\/africa\/pt\/fabricantes\/\"]}]},{\"@type\":\"BreadcrumbList\",\"@id\":\"https:\/\/ebusradar.org\/africa\/pt\/fabricantes\/#breadcrumb\",\"itemListElement\":[{\"@type\":\"ListItem\",\"position\":1,\"name\":\"Home\",\"item\":\"https:\/\/ebusradar.org\/africa\/pt\/\"},{\"@type\":\"ListItem\",\"position\":2,\"name\":\"Fabricantes\"}]}]}<\/script>\n<!-- \/ Yoast SEO plugin. -->","yoast_head_json":{"title":"Fabricantes - E-BUS RADAR","robots":{"index":"noindex","follow":"follow","max-snippet":"max-snippet:-1","max-image-preview":"max-image-preview:large","max-video-preview":"max-video-preview:-1"},"og_locale":"pt_BR","og_type":"article","og_title":"Fabricantes - E-BUS RADAR","og_description":"Esta aba da Plataforma E-BUS Radar apresenta um levantamento de fabricantes de \u00f4nibus el\u00e9tricos, onde destacam-se \u00f4nibus em opera\u00e7\u00e3o na Africa e parceiros e parceiros oficiais do Zero Emission Bus Rapid-deployment Accelerator (ZEBRA). A barra lateral \u00e0 direita da p\u00e1gina permite a filtragem por \u2018Tipo de Ve\u00edculo\u2019 e por \u2018Pa\u00edses em opera\u00e7\u00e3o\u2019. Para mais informa\u00e7\u00f5es [...]Leia mais... from Fabricantes","og_url":"https:\/\/ebusradar.org\/africa\/pt\/fabricantes\/","og_site_name":"E-BUS RADAR","article_modified_time":"2025-09-25T14:59:19+00:00","og_image":[{"width":1080,"height":1080,"url":"https:\/\/ebusradar.org\/africa\/wp-content\/uploads\/2021\/02\/ebus-thumbnail.jpg","type":"image\/jpeg"}],"author":"admin","twitter_card":"summary_large_image","twitter_misc":{"Est. tempo de leitura":"1 minuto"},"schema":{"@context":"https:\/\/schema.org","@graph":[{"@type":"WebSite","@id":"https:\/\/ebusradar.org\/africa\/#website","url":"https:\/\/ebusradar.org\/africa\/","name":"E-BUS RADAR","description":"","potentialAction":[{"@type":"SearchAction","target":{"@type":"EntryPoint","urlTemplate":"https:\/\/ebusradar.org\/africa\/?s={search_term_string}"},"query-input":"required name=search_term_string"}],"inLanguage":"pt-BR"},{"@type":"WebPage","@id":"https:\/\/ebusradar.org\/africa\/pt\/fabricantes\/#webpage","url":"https:\/\/ebusradar.org\/africa\/pt\/fabricantes\/","name":"Fabricantes - E-BUS RADAR","isPartOf":{"@id":"https:\/\/ebusradar.org\/africa\/#website"},"datePublished":"2022-08-30T19:59:54+00:00","dateModified":"2025-09-25T14:59:19+00:00","breadcrumb":{"@id":"https:\/\/ebusradar.org\/africa\/pt\/fabricantes\/#breadcrumb"},"inLanguage":"pt-BR","potentialAction":[{"@type":"ReadAction","target":["https:\/\/ebusradar.org\/africa\/pt\/fabricantes\/"]}]},{"@type":"BreadcrumbList","@id":"https:\/\/ebusradar.org\/africa\/pt\/fabricantes\/#breadcrumb","itemListElement":[{"@type":"ListItem","position":1,"name":"Home","item":"https:\/\/ebusradar.org\/africa\/pt\/"},{"@type":"ListItem","position":2,"name":"Fabricantes"}]}]}},"_links":{"self":[{"href":"https:\/\/ebusradar.org\/africa\/wp-json\/wp\/v2\/pages\/509"}],"collection":[{"href":"https:\/\/ebusradar.org\/africa\/wp-json\/wp\/v2\/pages"}],"about":[{"href":"https:\/\/ebusradar.org\/africa\/wp-json\/wp\/v2\/types\/page"}],"author":[{"embeddable":true,"href":"https:\/\/ebusradar.org\/africa\/wp-json\/wp\/v2\/users\/1"}],"replies":[{"embeddable":true,"href":"https:\/\/ebusradar.org\/africa\/wp-json\/wp\/v2\/comments?post=509"}],"version-history":[{"count":2,"href":"https:\/\/ebusradar.org\/africa\/wp-json\/wp\/v2\/pages\/509\/revisions"}],"predecessor-version":[{"id":2044,"href":"https:\/\/ebusradar.org\/africa\/wp-json\/wp\/v2\/pages\/509\/revisions\/2044"}],"wp:attachment":[{"href":"https:\/\/ebusradar.org\/africa\/wp-json\/wp\/v2\/media?parent=509"}],"curies":[{"name":"wp","href":"https:\/\/api.w.org\/{rel}","templated":true}]}}