{"id":513,"date":"2022-08-30T17:00:42","date_gmt":"2022-08-30T20:00:42","guid":{"rendered":"https:\/\/wordpress-700055-5116946.cloudwaysapps.com\/?page_id=513"},"modified":"2022-08-30T17:00:43","modified_gmt":"2022-08-30T20:00:43","slug":"fabricantes-2","status":"publish","type":"page","link":"https:\/\/ebusradar.org\/africa\/fabricantes-2\/","title":{"rendered":"Fabricantes"},"content":{"rendered":"\n<p>Esta pesta\u00f1a de la Plataforma Radar E-BUS presenta un estudio de los fabricantes de buses el\u00e9ctricos, en la cual se destacan los buses en funcionamiento en Am\u00e9rica Latina y los socios y colaboradores oficiales de la Alianza ZEBRA (Zero Emission Bus Rapid-deployment Accelerator). La barra lateral de la derecha de la p\u00e1gina permite filtrar por &#8220;Tipo de veh\u00edculo&#8221; y por &#8220;Pa\u00edses en operaci\u00f3n&#8221;. Para obtener m\u00e1s informaci\u00f3n sobre los modelos de veh\u00edculos disponibles, acceda a las fichas siguientes. <a href=\"\/es\/#sobre\">M\u00e1s informaci\u00f3n<\/a>.<\/p>\n\n\n\n<p>Datos: junio de 2022<\/p>\n","protected":false},"excerpt":{"rendered":"<p>Esta pesta\u00f1a de la Plataforma Radar E-BUS presenta un estudio de los fabricantes de buses el\u00e9ctricos, en la cual se destacan los buses en funcionamiento en Am\u00e9rica Latina y los socios y colaboradores oficiales de la Alianza ZEBRA (Zero Emission Bus Rapid-deployment Accelerator). La barra lateral de la derecha de la p\u00e1gina permite filtrar por [&#8230;]<\/p>\n<p><a class=\"btn btn-secondary understrap-read-more-link\" href=\"https:\/\/ebusradar.org\/africa\/fabricantes-2\/\">Leia mais&#8230;<span class=\"screen-reader-text\"> from Fabricantes<\/span><\/a><\/p>\n","protected":false},"author":1,"featured_media":0,"parent":0,"menu_order":0,"comment_status":"closed","ping_status":"closed","template":"page-templates\/manufators.php","meta":{"inline_featured_image":false,"footnotes":""},"yoast_head":"<!-- This site is optimized with the Yoast SEO plugin v19.2 - https:\/\/yoast.com\/wordpress\/plugins\/seo\/ -->\n<title>Fabricantes - E-BUS RADAR<\/title>\n<meta name=\"robots\" content=\"noindex, follow, max-snippet:-1, max-image-preview:large, max-video-preview:-1\" \/>\n<meta property=\"og:locale\" content=\"pt_BR\" \/>\n<meta property=\"og:type\" content=\"article\" \/>\n<meta property=\"og:title\" content=\"Fabricantes - E-BUS RADAR\" \/>\n<meta property=\"og:description\" content=\"Esta pesta\u00f1a de la Plataforma Radar E-BUS presenta un estudio de los fabricantes de buses el\u00e9ctricos, en la cual se destacan los buses en funcionamiento en Am\u00e9rica Latina y los socios y colaboradores oficiales de la Alianza ZEBRA (Zero Emission Bus Rapid-deployment Accelerator). La barra lateral de la derecha de la p\u00e1gina permite filtrar por [...]Leia mais... from Fabricantes\" \/>\n<meta property=\"og:url\" content=\"https:\/\/ebusradar.org\/africa\/fabricantes-2\/\" \/>\n<meta property=\"og:site_name\" content=\"E-BUS RADAR\" \/>\n<meta property=\"article:modified_time\" content=\"2022-08-30T20:00:43+00:00\" \/>\n<meta property=\"og:image\" content=\"https:\/\/ebusradar.org\/africa\/wp-content\/uploads\/2021\/02\/ebus-thumbnail.jpg\" \/>\n\t<meta property=\"og:image:width\" content=\"1080\" \/>\n\t<meta property=\"og:image:height\" content=\"1080\" \/>\n\t<meta property=\"og:image:type\" content=\"image\/jpeg\" \/>\n<meta name=\"author\" content=\"admin\" \/>\n<meta name=\"twitter:card\" content=\"summary_large_image\" \/>\n<meta name=\"twitter:label1\" content=\"Est. tempo de leitura\" \/>\n\t<meta name=\"twitter:data1\" content=\"1 minuto\" \/>\n<script type=\"application\/ld+json\" class=\"yoast-schema-graph\">{\"@context\":\"https:\/\/schema.org\",\"@graph\":[{\"@type\":\"WebSite\",\"@id\":\"https:\/\/ebusradar.org\/africa\/#website\",\"url\":\"https:\/\/ebusradar.org\/africa\/\",\"name\":\"E-BUS RADAR\",\"description\":\"\",\"potentialAction\":[{\"@type\":\"SearchAction\",\"target\":{\"@type\":\"EntryPoint\",\"urlTemplate\":\"https:\/\/ebusradar.org\/africa\/?s={search_term_string}\"},\"query-input\":\"required name=search_term_string\"}],\"inLanguage\":\"pt-BR\"},{\"@type\":\"WebPage\",\"@id\":\"https:\/\/ebusradar.org\/africa\/fabricantes-2\/#webpage\",\"url\":\"https:\/\/ebusradar.org\/africa\/fabricantes-2\/\",\"name\":\"Fabricantes - E-BUS RADAR\",\"isPartOf\":{\"@id\":\"https:\/\/ebusradar.org\/africa\/#website\"},\"datePublished\":\"2022-08-30T20:00:42+00:00\",\"dateModified\":\"2022-08-30T20:00:43+00:00\",\"breadcrumb\":{\"@id\":\"https:\/\/ebusradar.org\/africa\/fabricantes-2\/#breadcrumb\"},\"inLanguage\":\"pt-BR\",\"potentialAction\":[{\"@type\":\"ReadAction\",\"target\":[\"https:\/\/ebusradar.org\/africa\/fabricantes-2\/\"]}]},{\"@type\":\"BreadcrumbList\",\"@id\":\"https:\/\/ebusradar.org\/africa\/fabricantes-2\/#breadcrumb\",\"itemListElement\":[{\"@type\":\"ListItem\",\"position\":1,\"name\":\"Home\",\"item\":\"https:\/\/ebusradar.org\/africa\/pt\/\"},{\"@type\":\"ListItem\",\"position\":2,\"name\":\"Fabricantes\"}]}]}<\/script>\n<!-- \/ Yoast SEO plugin. -->","yoast_head_json":{"title":"Fabricantes - E-BUS RADAR","robots":{"index":"noindex","follow":"follow","max-snippet":"max-snippet:-1","max-image-preview":"max-image-preview:large","max-video-preview":"max-video-preview:-1"},"og_locale":"pt_BR","og_type":"article","og_title":"Fabricantes - E-BUS RADAR","og_description":"Esta pesta\u00f1a de la Plataforma Radar E-BUS presenta un estudio de los fabricantes de buses el\u00e9ctricos, en la cual se destacan los buses en funcionamiento en Am\u00e9rica Latina y los socios y colaboradores oficiales de la Alianza ZEBRA (Zero Emission Bus Rapid-deployment Accelerator). La barra lateral de la derecha de la p\u00e1gina permite filtrar por [...]Leia mais... from Fabricantes","og_url":"https:\/\/ebusradar.org\/africa\/fabricantes-2\/","og_site_name":"E-BUS RADAR","article_modified_time":"2022-08-30T20:00:43+00:00","og_image":[{"width":1080,"height":1080,"url":"https:\/\/ebusradar.org\/africa\/wp-content\/uploads\/2021\/02\/ebus-thumbnail.jpg","type":"image\/jpeg"}],"author":"admin","twitter_card":"summary_large_image","twitter_misc":{"Est. tempo de leitura":"1 minuto"},"schema":{"@context":"https:\/\/schema.org","@graph":[{"@type":"WebSite","@id":"https:\/\/ebusradar.org\/africa\/#website","url":"https:\/\/ebusradar.org\/africa\/","name":"E-BUS RADAR","description":"","potentialAction":[{"@type":"SearchAction","target":{"@type":"EntryPoint","urlTemplate":"https:\/\/ebusradar.org\/africa\/?s={search_term_string}"},"query-input":"required name=search_term_string"}],"inLanguage":"pt-BR"},{"@type":"WebPage","@id":"https:\/\/ebusradar.org\/africa\/fabricantes-2\/#webpage","url":"https:\/\/ebusradar.org\/africa\/fabricantes-2\/","name":"Fabricantes - E-BUS RADAR","isPartOf":{"@id":"https:\/\/ebusradar.org\/africa\/#website"},"datePublished":"2022-08-30T20:00:42+00:00","dateModified":"2022-08-30T20:00:43+00:00","breadcrumb":{"@id":"https:\/\/ebusradar.org\/africa\/fabricantes-2\/#breadcrumb"},"inLanguage":"pt-BR","potentialAction":[{"@type":"ReadAction","target":["https:\/\/ebusradar.org\/africa\/fabricantes-2\/"]}]},{"@type":"BreadcrumbList","@id":"https:\/\/ebusradar.org\/africa\/fabricantes-2\/#breadcrumb","itemListElement":[{"@type":"ListItem","position":1,"name":"Home","item":"https:\/\/ebusradar.org\/africa\/pt\/"},{"@type":"ListItem","position":2,"name":"Fabricantes"}]}]}},"_links":{"self":[{"href":"https:\/\/ebusradar.org\/africa\/wp-json\/wp\/v2\/pages\/513"}],"collection":[{"href":"https:\/\/ebusradar.org\/africa\/wp-json\/wp\/v2\/pages"}],"about":[{"href":"https:\/\/ebusradar.org\/africa\/wp-json\/wp\/v2\/types\/page"}],"author":[{"embeddable":true,"href":"https:\/\/ebusradar.org\/africa\/wp-json\/wp\/v2\/users\/1"}],"replies":[{"embeddable":true,"href":"https:\/\/ebusradar.org\/africa\/wp-json\/wp\/v2\/comments?post=513"}],"version-history":[{"count":0,"href":"https:\/\/ebusradar.org\/africa\/wp-json\/wp\/v2\/pages\/513\/revisions"}],"wp:attachment":[{"href":"https:\/\/ebusradar.org\/africa\/wp-json\/wp\/v2\/media?parent=513"}],"curies":[{"name":"wp","href":"https:\/\/api.w.org\/{rel}","templated":true}]}}